{"id":4402,"date":"2024-08-09T16:22:40","date_gmt":"2024-08-09T14:22:40","guid":{"rendered":"https:\/\/lesphotosdelaetitia.com\/?page_id=4402"},"modified":"2024-08-16T14:24:55","modified_gmt":"2024-08-16T12:24:55","slug":"galeries","status":"publish","type":"page","link":"https:\/\/lesphotosdelaetitia.com\/?page_id=4402","title":{"rendered":"Galeries"},"content":{"rendered":"\n<div class=\"wp-block-columns is-layout-flex wp-container-core-columns-is-layout-9d6595d7 wp-block-columns-is-layout-flex\">\n<div class=\"wp-block-column is-layout-flow wp-block-column-is-layout-flow\">\n<figure class=\"wp-block-image size-large\"><a href=\"https:\/\/lesphotosdelaetitia.com\/?page_id=4409\"><img loading=\"lazy\" decoding=\"async\" width=\"1024\" height=\"683\" src=\"https:\/\/lesphotosdelaetitia.com\/wp-content\/uploads\/2024\/08\/SeanceGrossesseFiona3B-1024x683.avif\" alt=\"\" class=\"wp-image-4395\" srcset=\"https:\/\/lesphotosdelaetitia.com\/wp-content\/uploads\/2024\/08\/SeanceGrossesseFiona3B-1024x683.avif 1024w, https:\/\/lesphotosdelaetitia.com\/wp-content\/uploads\/2024\/08\/SeanceGrossesseFiona3B-300x200.avif 300w, https:\/\/lesphotosdelaetitia.com\/wp-content\/uploads\/2024\/08\/SeanceGrossesseFiona3B-768x512.avif 768w, https:\/\/lesphotosdelaetitia.com\/wp-content\/uploads\/2024\/08\/SeanceGrossesseFiona3B-1536x1024.avif 1536w, https:\/\/lesphotosdelaetitia.com\/wp-content\/uploads\/2024\/08\/SeanceGrossesseFiona3B-2048x1365.avif 2048w\" sizes=\"auto, (max-width: 1024px) 100vw, 1024px\" \/><\/a><\/figure>\n\n\n\n<p>La belle Fiona pour une s\u00e9ance grossesse f\u00e9erique &#8211; Hasti\u00e8re<\/p>\n\n\n\n<div class=\"wp-block-buttons is-content-justification-center is-layout-flex wp-container-core-buttons-is-layout-16018d1d wp-block-buttons-is-layout-flex\">\n<div class=\"wp-block-button\"><a class=\"wp-block-button__link wp-element-button\" href=\"https:\/\/lesphotosdelaetitia.com\/?page_id=4409\">D\u00e9couvrir<\/a><\/div>\n<\/div>\n<\/div>\n\n\n\n<div class=\"wp-block-column is-layout-flow wp-block-column-is-layout-flow\">\n<figure class=\"wp-block-image size-large\"><a href=\"https:\/\/lesphotosdelaetitia.com\/?page_id=4432\"><img loading=\"lazy\" decoding=\"async\" width=\"1024\" height=\"683\" src=\"https:\/\/lesphotosdelaetitia.com\/wp-content\/uploads\/2024\/08\/SeanceNouveauNeLolaEtPatrick-5-1024x683.avif\" alt=\"\" class=\"wp-image-4353\" srcset=\"https:\/\/lesphotosdelaetitia.com\/wp-content\/uploads\/2024\/08\/SeanceNouveauNeLolaEtPatrick-5-1024x683.avif 1024w, https:\/\/lesphotosdelaetitia.com\/wp-content\/uploads\/2024\/08\/SeanceNouveauNeLolaEtPatrick-5-300x200.avif 300w, https:\/\/lesphotosdelaetitia.com\/wp-content\/uploads\/2024\/08\/SeanceNouveauNeLolaEtPatrick-5-768x512.avif 768w, https:\/\/lesphotosdelaetitia.com\/wp-content\/uploads\/2024\/08\/SeanceNouveauNeLolaEtPatrick-5-1536x1024.avif 1536w, https:\/\/lesphotosdelaetitia.com\/wp-content\/uploads\/2024\/08\/SeanceNouveauNeLolaEtPatrick-5-2048x1365.avif 2048w\" sizes=\"auto, (max-width: 1024px) 100vw, 1024px\" \/><\/a><\/figure>\n\n\n\n<p>La jolie Mila et sa s\u00e9ance nouveau-n\u00e9 &#8211; Dinant.<\/p>\n\n\n\n<div class=\"wp-block-buttons is-content-justification-center is-layout-flex wp-container-core-buttons-is-layout-16018d1d wp-block-buttons-is-layout-flex\">\n<div class=\"wp-block-button\"><a class=\"wp-block-button__link wp-element-button\" href=\"https:\/\/lesphotosdelaetitia.com\/?page_id=4432\">D\u00e9couvrir<\/a><\/div>\n<\/div>\n<\/div>\n\n\n\n<div class=\"wp-block-column is-layout-flow wp-block-column-is-layout-flow\">\n<figure class=\"wp-block-image size-large\"><a href=\"https:\/\/lesphotosdelaetitia.com\/?page_id=4446\"><img loading=\"lazy\" decoding=\"async\" width=\"1024\" height=\"683\" src=\"https:\/\/lesphotosdelaetitia.com\/wp-content\/uploads\/2024\/08\/SeanceGrossesseLifestyle_LucieAntoine-9-1024x683.avif\" alt=\"\" class=\"wp-image-4205\" srcset=\"https:\/\/lesphotosdelaetitia.com\/wp-content\/uploads\/2024\/08\/SeanceGrossesseLifestyle_LucieAntoine-9-1024x683.avif 1024w, https:\/\/lesphotosdelaetitia.com\/wp-content\/uploads\/2024\/08\/SeanceGrossesseLifestyle_LucieAntoine-9-300x200.avif 300w, https:\/\/lesphotosdelaetitia.com\/wp-content\/uploads\/2024\/08\/SeanceGrossesseLifestyle_LucieAntoine-9-768x512.avif 768w, https:\/\/lesphotosdelaetitia.com\/wp-content\/uploads\/2024\/08\/SeanceGrossesseLifestyle_LucieAntoine-9-1536x1024.avif 1536w, https:\/\/lesphotosdelaetitia.com\/wp-content\/uploads\/2024\/08\/SeanceGrossesseLifestyle_LucieAntoine-9-2048x1365.avif 2048w\" sizes=\"auto, (max-width: 1024px) 100vw, 1024px\" \/><\/a><\/figure>\n\n\n\n<p>Une s\u00e9ance grossesse Lifestyle \u00e0 la Citadelle de Namur <\/p>\n\n\n\n<div class=\"wp-block-buttons is-content-justification-center is-layout-flex wp-container-core-buttons-is-layout-16018d1d wp-block-buttons-is-layout-flex\">\n<div class=\"wp-block-button\"><a class=\"wp-block-button__link wp-element-button\" href=\"https:\/\/lesphotosdelaetitia.com\/?page_id=4446\">D\u00e9couvrir<\/a><\/div>\n<\/div>\n<\/div>\n<\/div>\n\n\n\n<div class=\"wp-block-columns is-layout-flex wp-container-core-columns-is-layout-9d6595d7 wp-block-columns-is-layout-flex\">\n<div class=\"wp-block-column is-layout-flow wp-block-column-is-layout-flow\">\n<figure class=\"wp-block-image size-large\"><a href=\"https:\/\/lesphotosdelaetitia.com\/?page_id=4490\"><img loading=\"lazy\" decoding=\"async\" width=\"683\" height=\"1024\" src=\"https:\/\/lesphotosdelaetitia.com\/wp-content\/uploads\/2024\/08\/SeanceGrossesseLaurie-5-683x1024.avif\" alt=\"\" class=\"wp-image-4483\" srcset=\"https:\/\/lesphotosdelaetitia.com\/wp-content\/uploads\/2024\/08\/SeanceGrossesseLaurie-5-683x1024.avif 683w, https:\/\/lesphotosdelaetitia.com\/wp-content\/uploads\/2024\/08\/SeanceGrossesseLaurie-5-200x300.avif 200w, https:\/\/lesphotosdelaetitia.com\/wp-content\/uploads\/2024\/08\/SeanceGrossesseLaurie-5-768x1152.avif 768w, https:\/\/lesphotosdelaetitia.com\/wp-content\/uploads\/2024\/08\/SeanceGrossesseLaurie-5-1024x1536.avif 1024w, https:\/\/lesphotosdelaetitia.com\/wp-content\/uploads\/2024\/08\/SeanceGrossesseLaurie-5-1365x2048.avif 1365w, https:\/\/lesphotosdelaetitia.com\/wp-content\/uploads\/2024\/08\/SeanceGrossesseLaurie-5-scaled.avif 1707w\" sizes=\"auto, (max-width: 683px) 100vw, 683px\" \/><\/a><\/figure>\n\n\n\n<p>Une s\u00e9ance grossesse en studio, loin du froid de l&rsquo;hiver &#8211; Dinant<\/p>\n\n\n\n<div class=\"wp-block-buttons is-content-justification-center is-layout-flex wp-container-core-buttons-is-layout-16018d1d wp-block-buttons-is-layout-flex\">\n<div class=\"wp-block-button\"><a class=\"wp-block-button__link wp-element-button\" href=\"https:\/\/lesphotosdelaetitia.com\/?page_id=4490\">D\u00e9couvrir<\/a><\/div>\n<\/div>\n<\/div>\n\n\n\n<div class=\"wp-block-column is-layout-flow wp-block-column-is-layout-flow\">\n<figure class=\"wp-block-image size-large\"><a href=\"https:\/\/lesphotosdelaetitia.com\/?page_id=4511\"><img loading=\"lazy\" decoding=\"async\" width=\"1024\" height=\"683\" src=\"https:\/\/lesphotosdelaetitia.com\/wp-content\/uploads\/2024\/08\/\u00a9LesPhotosDeLaetitia-NouveauNeVictor-2-1024x683.avif\" alt=\"\" class=\"wp-image-4295\" srcset=\"https:\/\/lesphotosdelaetitia.com\/wp-content\/uploads\/2024\/08\/\u00a9LesPhotosDeLaetitia-NouveauNeVictor-2-1024x683.avif 1024w, https:\/\/lesphotosdelaetitia.com\/wp-content\/uploads\/2024\/08\/\u00a9LesPhotosDeLaetitia-NouveauNeVictor-2-300x200.avif 300w, https:\/\/lesphotosdelaetitia.com\/wp-content\/uploads\/2024\/08\/\u00a9LesPhotosDeLaetitia-NouveauNeVictor-2-768x512.avif 768w, https:\/\/lesphotosdelaetitia.com\/wp-content\/uploads\/2024\/08\/\u00a9LesPhotosDeLaetitia-NouveauNeVictor-2-1536x1024.avif 1536w, https:\/\/lesphotosdelaetitia.com\/wp-content\/uploads\/2024\/08\/\u00a9LesPhotosDeLaetitia-NouveauNeVictor-2-2048x1365.avif 2048w\" sizes=\"auto, (max-width: 1024px) 100vw, 1024px\" \/><\/a><\/figure>\n\n\n\n<p>La s\u00e9ance nouveau-n\u00e9 de Victor &#8211; Dinant<\/p>\n\n\n\n<div class=\"wp-block-buttons is-content-justification-center is-layout-flex wp-container-core-buttons-is-layout-16018d1d wp-block-buttons-is-layout-flex\">\n<div class=\"wp-block-button\"><a class=\"wp-block-button__link wp-element-button\" href=\"https:\/\/lesphotosdelaetitia.com\/?page_id=4511\">D\u00e9couvrir<\/a><\/div>\n<\/div>\n<\/div>\n\n\n\n<div class=\"wp-block-column is-layout-flow wp-block-column-is-layout-flow\">\n<figure class=\"wp-block-image size-large\"><a href=\"https:\/\/lesphotosdelaetitia.com\/?page_id=4508\"><img loading=\"lazy\" decoding=\"async\" width=\"683\" height=\"1024\" src=\"https:\/\/lesphotosdelaetitia.com\/wp-content\/uploads\/2024\/08\/SeanceGrossesseLucie-2-683x1024.avif\" alt=\"\" class=\"wp-image-4504\" srcset=\"https:\/\/lesphotosdelaetitia.com\/wp-content\/uploads\/2024\/08\/SeanceGrossesseLucie-2-683x1024.avif 683w, https:\/\/lesphotosdelaetitia.com\/wp-content\/uploads\/2024\/08\/SeanceGrossesseLucie-2-200x300.avif 200w, https:\/\/lesphotosdelaetitia.com\/wp-content\/uploads\/2024\/08\/SeanceGrossesseLucie-2-768x1152.avif 768w, https:\/\/lesphotosdelaetitia.com\/wp-content\/uploads\/2024\/08\/SeanceGrossesseLucie-2-1024x1536.avif 1024w, https:\/\/lesphotosdelaetitia.com\/wp-content\/uploads\/2024\/08\/SeanceGrossesseLucie-2-1365x2048.avif 1365w, https:\/\/lesphotosdelaetitia.com\/wp-content\/uploads\/2024\/08\/SeanceGrossesseLucie-2-scaled.avif 1707w\" sizes=\"auto, (max-width: 683px) 100vw, 683px\" \/><\/a><\/figure>\n\n\n\n<p>La s\u00e9ance grossesse de la jolie Lucie &#8211; Hasti\u00e8re<\/p>\n\n\n\n<div class=\"wp-block-buttons is-content-justification-center is-layout-flex wp-container-core-buttons-is-layout-16018d1d wp-block-buttons-is-layout-flex\">\n<div class=\"wp-block-button\"><a class=\"wp-block-button__link wp-element-button\" href=\"https:\/\/lesphotosdelaetitia.com\/?page_id=4508\">D\u00e9couvrir<\/a><\/div>\n<\/div>\n<\/div>\n<\/div>\n\n\n\n<div class=\"wp-block-columns is-layout-flex wp-container-core-columns-is-layout-9d6595d7 wp-block-columns-is-layout-flex\">\n<div class=\"wp-block-column is-layout-flow wp-block-column-is-layout-flow\">\n<figure class=\"wp-block-image size-large\"><a href=\"https:\/\/lesphotosdelaetitia.com\/?page_id=4523\"><img loading=\"lazy\" decoding=\"async\" width=\"1024\" height=\"683\" src=\"https:\/\/lesphotosdelaetitia.com\/wp-content\/uploads\/2024\/08\/\u00a9LesPhotosDeLaetitia-GrossesseKelly-3-1024x683.avif\" alt=\"\" class=\"wp-image-4521\" srcset=\"https:\/\/lesphotosdelaetitia.com\/wp-content\/uploads\/2024\/08\/\u00a9LesPhotosDeLaetitia-GrossesseKelly-3-1024x683.avif 1024w, https:\/\/lesphotosdelaetitia.com\/wp-content\/uploads\/2024\/08\/\u00a9LesPhotosDeLaetitia-GrossesseKelly-3-300x200.avif 300w, https:\/\/lesphotosdelaetitia.com\/wp-content\/uploads\/2024\/08\/\u00a9LesPhotosDeLaetitia-GrossesseKelly-3-768x512.avif 768w, https:\/\/lesphotosdelaetitia.com\/wp-content\/uploads\/2024\/08\/\u00a9LesPhotosDeLaetitia-GrossesseKelly-3-1536x1024.avif 1536w, https:\/\/lesphotosdelaetitia.com\/wp-content\/uploads\/2024\/08\/\u00a9LesPhotosDeLaetitia-GrossesseKelly-3-2048x1365.avif 2048w\" sizes=\"auto, (max-width: 1024px) 100vw, 1024px\" \/><\/a><\/figure>\n\n\n\n<p>La s\u00e9ance grossesse de Kelly &#8211; Hasti\u00e8re<\/p>\n\n\n\n<div class=\"wp-block-buttons is-content-justification-center is-layout-flex wp-container-core-buttons-is-layout-16018d1d wp-block-buttons-is-layout-flex\">\n<div class=\"wp-block-button\"><a class=\"wp-block-button__link wp-element-button\" href=\"https:\/\/lesphotosdelaetitia.com\/?page_id=4523\">D\u00e9couvrir<\/a><\/div>\n<\/div>\n<\/div>\n\n\n\n<div class=\"wp-block-column is-layout-flow wp-block-column-is-layout-flow\">\n<figure class=\"wp-block-image size-large\"><a href=\"https:\/\/lesphotosdelaetitia.com\/?page_id=4556\"><img loading=\"lazy\" decoding=\"async\" width=\"1024\" height=\"683\" src=\"https:\/\/lesphotosdelaetitia.com\/wp-content\/uploads\/2024\/08\/SeanceGrossesseLola-3-1-1024x683.avif\" alt=\"\" class=\"wp-image-4553\" srcset=\"https:\/\/lesphotosdelaetitia.com\/wp-content\/uploads\/2024\/08\/SeanceGrossesseLola-3-1-1024x683.avif 1024w, https:\/\/lesphotosdelaetitia.com\/wp-content\/uploads\/2024\/08\/SeanceGrossesseLola-3-1-300x200.avif 300w, https:\/\/lesphotosdelaetitia.com\/wp-content\/uploads\/2024\/08\/SeanceGrossesseLola-3-1-768x512.avif 768w, https:\/\/lesphotosdelaetitia.com\/wp-content\/uploads\/2024\/08\/SeanceGrossesseLola-3-1-1536x1024.avif 1536w, https:\/\/lesphotosdelaetitia.com\/wp-content\/uploads\/2024\/08\/SeanceGrossesseLola-3-1-2048x1365.avif 2048w\" sizes=\"auto, (max-width: 1024px) 100vw, 1024px\" \/><\/a><\/figure>\n\n\n\n<p>Une s\u00e9ance grossesse au coeur des ruines<\/p>\n\n\n\n<div class=\"wp-block-buttons alignfull is-content-justification-center is-layout-flex wp-container-core-buttons-is-layout-16018d1d wp-block-buttons-is-layout-flex\">\n<div class=\"wp-block-button\"><a class=\"wp-block-button__link wp-element-button\" href=\"https:\/\/lesphotosdelaetitia.com\/?page_id=4556\">D\u00e9couvrir<\/a><\/div>\n<\/div>\n<\/div>\n\n\n\n<div class=\"wp-block-column is-layout-flow wp-block-column-is-layout-flow\"><\/div>\n<\/div>\n","protected":false},"excerpt":{"rendered":"<p>La belle Fiona pour une s\u00e9ance grossesse f\u00e9erique &#8211; Hasti\u00e8re La jolie Mila et sa s\u00e9ance nouveau-n\u00e9 &#8211; Dinant. Une s\u00e9ance grossesse Lifestyle \u00e0 la Citadelle de Namur Une s\u00e9ance grossesse en studio, loin du froid de l&rsquo;hiver &#8211; Dinant La s\u00e9ance nouveau-n\u00e9 de Victor &#8211; Dinant La s\u00e9ance grossesse de la jolie Lucie &#8211; &#8230; <a title=\"Galeries\" class=\"read-more\" href=\"https:\/\/lesphotosdelaetitia.com\/?page_id=4402\" aria-label=\"En savoir plus sur Galeries\">Lire la suite<\/a><\/p>\n","protected":false},"author":2,"featured_media":0,"parent":0,"menu_order":0,"comment_status":"closed","ping_status":"closed","template":"","meta":{"footnotes":""},"class_list":["post-4402","page","type-page","status-publish"],"_links":{"self":[{"href":"https:\/\/lesphotosdelaetitia.com\/index.php?rest_route=\/wp\/v2\/pages\/4402","targetHints":{"allow":["GET"]}}],"collection":[{"href":"https:\/\/lesphotosdelaetitia.com\/index.php?rest_route=\/wp\/v2\/pages"}],"about":[{"href":"https:\/\/lesphotosdelaetitia.com\/index.php?rest_route=\/wp\/v2\/types\/page"}],"author":[{"embeddable":true,"href":"https:\/\/lesphotosdelaetitia.com\/index.php?rest_route=\/wp\/v2\/users\/2"}],"replies":[{"embeddable":true,"href":"https:\/\/lesphotosdelaetitia.com\/index.php?rest_route=%2Fwp%2Fv2%2Fcomments&post=4402"}],"version-history":[{"count":23,"href":"https:\/\/lesphotosdelaetitia.com\/index.php?rest_route=\/wp\/v2\/pages\/4402\/revisions"}],"predecessor-version":[{"id":4675,"href":"https:\/\/lesphotosdelaetitia.com\/index.php?rest_route=\/wp\/v2\/pages\/4402\/revisions\/4675"}],"wp:attachment":[{"href":"https:\/\/lesphotosdelaetitia.com\/index.php?rest_route=%2Fwp%2Fv2%2Fmedia&parent=4402"}],"curies":[{"name":"wp","href":"https:\/\/api.w.org\/{rel}","templated":true}]}}