{"id":4409,"date":"2024-08-09T16:55:09","date_gmt":"2024-08-09T14:55:09","guid":{"rendered":"https:\/\/lesphotosdelaetitia.com\/?page_id=4409"},"modified":"2024-08-15T11:49:43","modified_gmt":"2024-08-15T09:49:43","slug":"la-seance-grossesse-de-fiona","status":"publish","type":"page","link":"https:\/\/lesphotosdelaetitia.com\/?page_id=4409","title":{"rendered":"La s\u00e9ance grossesse de Fiona"},"content":{"rendered":"\n<p>La jolie Fiona souhaitait que l&rsquo;on r\u00e9alise sa s\u00e9ance en ext\u00e9rieur, accompagn\u00e9e de son compagnon et de leur fille. Le temps \u00e9tait particuli\u00e8rement variable \u00e0 cette p\u00e9riode et nous craignions de devoir reporter la s\u00e9ance. Cependant, le compagnon de Fiona \u00e9tant assez peu disponible, nous esp\u00e9rions \u00e9viter cette situation. Je m&rsquo;\u00e9quipe donc et nous voil\u00e0 partis faire nos beaux clich\u00e9s. \u00c0 peine gar\u00e9s, une pluie torrentielle accompagn\u00e9e de gr\u00eale s&rsquo;abat sur nos voitures. Nous prenons la situation avec sourire et positivit\u00e9, attendant sagement que le d\u00e9luge cesse. Apr\u00e8s quelques minutes et \u00e0 mon grand soulagement, le ciel s&rsquo;est d\u00e9gag\u00e9, nous offrant une tr\u00e8s jolie lumi\u00e8re. J&rsquo;avais choisi ce lieu situ\u00e9 \u00e0 Hasti\u00e8re en fonction des pr\u00e9f\u00e9rences de la future maman et de ses r\u00e9ponses au questionnaire de pr\u00e9paration.  Je lui ai d\u00e9nich\u00e9 ce sublime d\u00e9cor, dot\u00e9 d&rsquo;une petite cascade et elle a \u00e9t\u00e9 ravie. <br>En fin de s\u00e9ance, Fiona s&rsquo;est laiss\u00e9 tenter par l&rsquo;exp\u00e9rience du nu artistique. Elle a suivi mes conseils et s&rsquo;est laiss\u00e9 guider pas \u00e0 pas. J&rsquo;avais cr\u00e9\u00e9 pour l&rsquo;occasion une jolie couronne afin d&rsquo;ajouter une ambiance encore plus f\u00e9erique au clich\u00e9. Je vous laisse profiter du r\u00e9sultat \ud83d\ude42<\/p>\n\n\n\n<figure class=\"wp-block-gallery has-nested-images columns-default is-cropped wp-block-gallery-1 is-layout-flex wp-block-gallery-is-layout-flex\">\n<figure data-wp-context=\"{&quot;imageId&quot;:&quot;69e1d379ae2aa&quot;}\" data-wp-interactive=\"core\/image\" data-wp-key=\"69e1d379ae2aa\" class=\"wp-block-image size-full wp-lightbox-container\"><img loading=\"lazy\" decoding=\"async\" width=\"1707\" height=\"2560\" data-wp-class--hide=\"state.isContentHidden\" data-wp-class--show=\"state.isContentVisible\" data-wp-init=\"callbacks.setButtonStyles\" data-wp-on--click=\"actions.showLightbox\" data-wp-on--load=\"callbacks.setButtonStyles\" data-wp-on-window--resize=\"callbacks.setButtonStyles\" data-id=\"4401\" src=\"https:\/\/lesphotosdelaetitia.com\/wp-content\/uploads\/2024\/08\/SeanceGrossesseFiona-1-scaled.avif\" alt=\"\" class=\"wp-image-4401\" srcset=\"https:\/\/lesphotosdelaetitia.com\/wp-content\/uploads\/2024\/08\/SeanceGrossesseFiona-1-scaled.avif 1707w, https:\/\/lesphotosdelaetitia.com\/wp-content\/uploads\/2024\/08\/SeanceGrossesseFiona-1-200x300.avif 200w, https:\/\/lesphotosdelaetitia.com\/wp-content\/uploads\/2024\/08\/SeanceGrossesseFiona-1-683x1024.avif 683w, https:\/\/lesphotosdelaetitia.com\/wp-content\/uploads\/2024\/08\/SeanceGrossesseFiona-1-768x1152.avif 768w, https:\/\/lesphotosdelaetitia.com\/wp-content\/uploads\/2024\/08\/SeanceGrossesseFiona-1-1024x1536.avif 1024w, https:\/\/lesphotosdelaetitia.com\/wp-content\/uploads\/2024\/08\/SeanceGrossesseFiona-1-1365x2048.avif 1365w\" sizes=\"auto, (max-width: 1707px) 100vw, 1707px\" \/><button\n\t\t\tclass=\"lightbox-trigger\"\n\t\t\ttype=\"button\"\n\t\t\taria-haspopup=\"dialog\"\n\t\t\taria-label=\"Agrandir\"\n\t\t\tdata-wp-init=\"callbacks.initTriggerButton\"\n\t\t\tdata-wp-on--click=\"actions.showLightbox\"\n\t\t\tdata-wp-style--right=\"state.imageButtonRight\"\n\t\t\tdata-wp-style--top=\"state.imageButtonTop\"\n\t\t>\n\t\t\t<svg xmlns=\"http:\/\/www.w3.org\/2000\/svg\" width=\"12\" height=\"12\" fill=\"none\" viewBox=\"0 0 12 12\">\n\t\t\t\t<path fill=\"#fff\" d=\"M2 0a2 2 0 0 0-2 2v2h1.5V2a.5.5 0 0 1 .5-.5h2V0H2Zm2 10.5H2a.5.5 0 0 1-.5-.5V8H0v2a2 2 0 0 0 2 2h2v-1.5ZM8 12v-1.5h2a.5.5 0 0 0 .5-.5V8H12v2a2 2 0 0 1-2 2H8Zm2-12a2 2 0 0 1 2 2v2h-1.5V2a.5.5 0 0 0-.5-.5H8V0h2Z\" \/>\n\t\t\t<\/svg>\n\t\t<\/button><\/figure>\n\n\n\n<figure data-wp-context=\"{&quot;imageId&quot;:&quot;69e1d379ae670&quot;}\" data-wp-interactive=\"core\/image\" data-wp-key=\"69e1d379ae670\" class=\"wp-block-image size-full wp-lightbox-container\"><img loading=\"lazy\" decoding=\"async\" width=\"1707\" height=\"2560\" data-wp-class--hide=\"state.isContentHidden\" data-wp-class--show=\"state.isContentVisible\" data-wp-init=\"callbacks.setButtonStyles\" data-wp-on--click=\"actions.showLightbox\" data-wp-on--load=\"callbacks.setButtonStyles\" data-wp-on-window--resize=\"callbacks.setButtonStyles\" data-id=\"4400\" src=\"https:\/\/lesphotosdelaetitia.com\/wp-content\/uploads\/2024\/08\/SeanceGrossesseFiona-2-scaled.avif\" alt=\"\" class=\"wp-image-4400\" srcset=\"https:\/\/lesphotosdelaetitia.com\/wp-content\/uploads\/2024\/08\/SeanceGrossesseFiona-2-scaled.avif 1707w, https:\/\/lesphotosdelaetitia.com\/wp-content\/uploads\/2024\/08\/SeanceGrossesseFiona-2-200x300.avif 200w, https:\/\/lesphotosdelaetitia.com\/wp-content\/uploads\/2024\/08\/SeanceGrossesseFiona-2-683x1024.avif 683w, https:\/\/lesphotosdelaetitia.com\/wp-content\/uploads\/2024\/08\/SeanceGrossesseFiona-2-768x1152.avif 768w, https:\/\/lesphotosdelaetitia.com\/wp-content\/uploads\/2024\/08\/SeanceGrossesseFiona-2-1024x1536.avif 1024w, https:\/\/lesphotosdelaetitia.com\/wp-content\/uploads\/2024\/08\/SeanceGrossesseFiona-2-1365x2048.avif 1365w\" sizes=\"auto, (max-width: 1707px) 100vw, 1707px\" \/><button\n\t\t\tclass=\"lightbox-trigger\"\n\t\t\ttype=\"button\"\n\t\t\taria-haspopup=\"dialog\"\n\t\t\taria-label=\"Agrandir\"\n\t\t\tdata-wp-init=\"callbacks.initTriggerButton\"\n\t\t\tdata-wp-on--click=\"actions.showLightbox\"\n\t\t\tdata-wp-style--right=\"state.imageButtonRight\"\n\t\t\tdata-wp-style--top=\"state.imageButtonTop\"\n\t\t>\n\t\t\t<svg xmlns=\"http:\/\/www.w3.org\/2000\/svg\" width=\"12\" height=\"12\" fill=\"none\" viewBox=\"0 0 12 12\">\n\t\t\t\t<path fill=\"#fff\" d=\"M2 0a2 2 0 0 0-2 2v2h1.5V2a.5.5 0 0 1 .5-.5h2V0H2Zm2 10.5H2a.5.5 0 0 1-.5-.5V8H0v2a2 2 0 0 0 2 2h2v-1.5ZM8 12v-1.5h2a.5.5 0 0 0 .5-.5V8H12v2a2 2 0 0 1-2 2H8Zm2-12a2 2 0 0 1 2 2v2h-1.5V2a.5.5 0 0 0-.5-.5H8V0h2Z\" \/>\n\t\t\t<\/svg>\n\t\t<\/button><\/figure>\n\n\n\n<figure data-wp-context=\"{&quot;imageId&quot;:&quot;69e1d379ae94c&quot;}\" data-wp-interactive=\"core\/image\" data-wp-key=\"69e1d379ae94c\" class=\"wp-block-image size-full wp-lightbox-container\"><img loading=\"lazy\" decoding=\"async\" width=\"2560\" height=\"1707\" data-wp-class--hide=\"state.isContentHidden\" data-wp-class--show=\"state.isContentVisible\" data-wp-init=\"callbacks.setButtonStyles\" data-wp-on--click=\"actions.showLightbox\" data-wp-on--load=\"callbacks.setButtonStyles\" data-wp-on-window--resize=\"callbacks.setButtonStyles\" data-id=\"4395\" src=\"https:\/\/lesphotosdelaetitia.com\/wp-content\/uploads\/2024\/08\/SeanceGrossesseFiona3B-scaled.avif\" alt=\"\" class=\"wp-image-4395\" srcset=\"https:\/\/lesphotosdelaetitia.com\/wp-content\/uploads\/2024\/08\/SeanceGrossesseFiona3B-scaled.avif 2560w, https:\/\/lesphotosdelaetitia.com\/wp-content\/uploads\/2024\/08\/SeanceGrossesseFiona3B-300x200.avif 300w, https:\/\/lesphotosdelaetitia.com\/wp-content\/uploads\/2024\/08\/SeanceGrossesseFiona3B-1024x683.avif 1024w, https:\/\/lesphotosdelaetitia.com\/wp-content\/uploads\/2024\/08\/SeanceGrossesseFiona3B-768x512.avif 768w, https:\/\/lesphotosdelaetitia.com\/wp-content\/uploads\/2024\/08\/SeanceGrossesseFiona3B-1536x1024.avif 1536w, https:\/\/lesphotosdelaetitia.com\/wp-content\/uploads\/2024\/08\/SeanceGrossesseFiona3B-2048x1365.avif 2048w\" sizes=\"auto, (max-width: 2560px) 100vw, 2560px\" \/><button\n\t\t\tclass=\"lightbox-trigger\"\n\t\t\ttype=\"button\"\n\t\t\taria-haspopup=\"dialog\"\n\t\t\taria-label=\"Agrandir\"\n\t\t\tdata-wp-init=\"callbacks.initTriggerButton\"\n\t\t\tdata-wp-on--click=\"actions.showLightbox\"\n\t\t\tdata-wp-style--right=\"state.imageButtonRight\"\n\t\t\tdata-wp-style--top=\"state.imageButtonTop\"\n\t\t>\n\t\t\t<svg xmlns=\"http:\/\/www.w3.org\/2000\/svg\" width=\"12\" height=\"12\" fill=\"none\" viewBox=\"0 0 12 12\">\n\t\t\t\t<path fill=\"#fff\" d=\"M2 0a2 2 0 0 0-2 2v2h1.5V2a.5.5 0 0 1 .5-.5h2V0H2Zm2 10.5H2a.5.5 0 0 1-.5-.5V8H0v2a2 2 0 0 0 2 2h2v-1.5ZM8 12v-1.5h2a.5.5 0 0 0 .5-.5V8H12v2a2 2 0 0 1-2 2H8Zm2-12a2 2 0 0 1 2 2v2h-1.5V2a.5.5 0 0 0-.5-.5H8V0h2Z\" \/>\n\t\t\t<\/svg>\n\t\t<\/button><\/figure>\n\n\n\n<figure data-wp-context=\"{&quot;imageId&quot;:&quot;69e1d379aebc9&quot;}\" data-wp-interactive=\"core\/image\" data-wp-key=\"69e1d379aebc9\" class=\"wp-block-image size-full wp-lightbox-container\"><img loading=\"lazy\" decoding=\"async\" width=\"1707\" height=\"2560\" data-wp-class--hide=\"state.isContentHidden\" data-wp-class--show=\"state.isContentVisible\" data-wp-init=\"callbacks.setButtonStyles\" data-wp-on--click=\"actions.showLightbox\" data-wp-on--load=\"callbacks.setButtonStyles\" data-wp-on-window--resize=\"callbacks.setButtonStyles\" data-id=\"4398\" src=\"https:\/\/lesphotosdelaetitia.com\/wp-content\/uploads\/2024\/08\/SeanceGrossesseFiona-5-scaled.avif\" alt=\"\" class=\"wp-image-4398\" srcset=\"https:\/\/lesphotosdelaetitia.com\/wp-content\/uploads\/2024\/08\/SeanceGrossesseFiona-5-scaled.avif 1707w, https:\/\/lesphotosdelaetitia.com\/wp-content\/uploads\/2024\/08\/SeanceGrossesseFiona-5-200x300.avif 200w, https:\/\/lesphotosdelaetitia.com\/wp-content\/uploads\/2024\/08\/SeanceGrossesseFiona-5-683x1024.avif 683w, https:\/\/lesphotosdelaetitia.com\/wp-content\/uploads\/2024\/08\/SeanceGrossesseFiona-5-768x1152.avif 768w, https:\/\/lesphotosdelaetitia.com\/wp-content\/uploads\/2024\/08\/SeanceGrossesseFiona-5-1024x1536.avif 1024w, https:\/\/lesphotosdelaetitia.com\/wp-content\/uploads\/2024\/08\/SeanceGrossesseFiona-5-1365x2048.avif 1365w\" sizes=\"auto, (max-width: 1707px) 100vw, 1707px\" \/><button\n\t\t\tclass=\"lightbox-trigger\"\n\t\t\ttype=\"button\"\n\t\t\taria-haspopup=\"dialog\"\n\t\t\taria-label=\"Agrandir\"\n\t\t\tdata-wp-init=\"callbacks.initTriggerButton\"\n\t\t\tdata-wp-on--click=\"actions.showLightbox\"\n\t\t\tdata-wp-style--right=\"state.imageButtonRight\"\n\t\t\tdata-wp-style--top=\"state.imageButtonTop\"\n\t\t>\n\t\t\t<svg xmlns=\"http:\/\/www.w3.org\/2000\/svg\" width=\"12\" height=\"12\" fill=\"none\" viewBox=\"0 0 12 12\">\n\t\t\t\t<path fill=\"#fff\" d=\"M2 0a2 2 0 0 0-2 2v2h1.5V2a.5.5 0 0 1 .5-.5h2V0H2Zm2 10.5H2a.5.5 0 0 1-.5-.5V8H0v2a2 2 0 0 0 2 2h2v-1.5ZM8 12v-1.5h2a.5.5 0 0 0 .5-.5V8H12v2a2 2 0 0 1-2 2H8Zm2-12a2 2 0 0 1 2 2v2h-1.5V2a.5.5 0 0 0-.5-.5H8V0h2Z\" \/>\n\t\t\t<\/svg>\n\t\t<\/button><\/figure>\n\n\n\n<figure data-wp-context=\"{&quot;imageId&quot;:&quot;69e1d379aee08&quot;}\" data-wp-interactive=\"core\/image\" data-wp-key=\"69e1d379aee08\" class=\"wp-block-image size-full wp-lightbox-container\"><img loading=\"lazy\" decoding=\"async\" width=\"1707\" height=\"2560\" data-wp-class--hide=\"state.isContentHidden\" data-wp-class--show=\"state.isContentVisible\" data-wp-init=\"callbacks.setButtonStyles\" data-wp-on--click=\"actions.showLightbox\" data-wp-on--load=\"callbacks.setButtonStyles\" data-wp-on-window--resize=\"callbacks.setButtonStyles\" data-id=\"4397\" src=\"https:\/\/lesphotosdelaetitia.com\/wp-content\/uploads\/2024\/08\/SeanceGrossesseFiona-6-scaled.avif\" alt=\"\" class=\"wp-image-4397\" srcset=\"https:\/\/lesphotosdelaetitia.com\/wp-content\/uploads\/2024\/08\/SeanceGrossesseFiona-6-scaled.avif 1707w, https:\/\/lesphotosdelaetitia.com\/wp-content\/uploads\/2024\/08\/SeanceGrossesseFiona-6-200x300.avif 200w, https:\/\/lesphotosdelaetitia.com\/wp-content\/uploads\/2024\/08\/SeanceGrossesseFiona-6-683x1024.avif 683w, https:\/\/lesphotosdelaetitia.com\/wp-content\/uploads\/2024\/08\/SeanceGrossesseFiona-6-768x1152.avif 768w, https:\/\/lesphotosdelaetitia.com\/wp-content\/uploads\/2024\/08\/SeanceGrossesseFiona-6-1024x1536.avif 1024w, https:\/\/lesphotosdelaetitia.com\/wp-content\/uploads\/2024\/08\/SeanceGrossesseFiona-6-1365x2048.avif 1365w\" sizes=\"auto, (max-width: 1707px) 100vw, 1707px\" \/><button\n\t\t\tclass=\"lightbox-trigger\"\n\t\t\ttype=\"button\"\n\t\t\taria-haspopup=\"dialog\"\n\t\t\taria-label=\"Agrandir\"\n\t\t\tdata-wp-init=\"callbacks.initTriggerButton\"\n\t\t\tdata-wp-on--click=\"actions.showLightbox\"\n\t\t\tdata-wp-style--right=\"state.imageButtonRight\"\n\t\t\tdata-wp-style--top=\"state.imageButtonTop\"\n\t\t>\n\t\t\t<svg xmlns=\"http:\/\/www.w3.org\/2000\/svg\" width=\"12\" height=\"12\" fill=\"none\" viewBox=\"0 0 12 12\">\n\t\t\t\t<path fill=\"#fff\" d=\"M2 0a2 2 0 0 0-2 2v2h1.5V2a.5.5 0 0 1 .5-.5h2V0H2Zm2 10.5H2a.5.5 0 0 1-.5-.5V8H0v2a2 2 0 0 0 2 2h2v-1.5ZM8 12v-1.5h2a.5.5 0 0 0 .5-.5V8H12v2a2 2 0 0 1-2 2H8Zm2-12a2 2 0 0 1 2 2v2h-1.5V2a.5.5 0 0 0-.5-.5H8V0h2Z\" \/>\n\t\t\t<\/svg>\n\t\t<\/button><\/figure>\n\n\n\n<figure data-wp-context=\"{&quot;imageId&quot;:&quot;69e1d379af02f&quot;}\" data-wp-interactive=\"core\/image\" data-wp-key=\"69e1d379af02f\" class=\"wp-block-image size-full wp-lightbox-container\"><img loading=\"lazy\" decoding=\"async\" width=\"1707\" height=\"2560\" data-wp-class--hide=\"state.isContentHidden\" data-wp-class--show=\"state.isContentVisible\" data-wp-init=\"callbacks.setButtonStyles\" data-wp-on--click=\"actions.showLightbox\" data-wp-on--load=\"callbacks.setButtonStyles\" data-wp-on-window--resize=\"callbacks.setButtonStyles\" data-id=\"4396\" src=\"https:\/\/lesphotosdelaetitia.com\/wp-content\/uploads\/2024\/08\/SeanceGrossesseFiona-7-scaled.avif\" alt=\"\" class=\"wp-image-4396\" srcset=\"https:\/\/lesphotosdelaetitia.com\/wp-content\/uploads\/2024\/08\/SeanceGrossesseFiona-7-scaled.avif 1707w, https:\/\/lesphotosdelaetitia.com\/wp-content\/uploads\/2024\/08\/SeanceGrossesseFiona-7-200x300.avif 200w, https:\/\/lesphotosdelaetitia.com\/wp-content\/uploads\/2024\/08\/SeanceGrossesseFiona-7-683x1024.avif 683w, https:\/\/lesphotosdelaetitia.com\/wp-content\/uploads\/2024\/08\/SeanceGrossesseFiona-7-768x1152.avif 768w, https:\/\/lesphotosdelaetitia.com\/wp-content\/uploads\/2024\/08\/SeanceGrossesseFiona-7-1024x1536.avif 1024w, https:\/\/lesphotosdelaetitia.com\/wp-content\/uploads\/2024\/08\/SeanceGrossesseFiona-7-1365x2048.avif 1365w\" sizes=\"auto, (max-width: 1707px) 100vw, 1707px\" \/><button\n\t\t\tclass=\"lightbox-trigger\"\n\t\t\ttype=\"button\"\n\t\t\taria-haspopup=\"dialog\"\n\t\t\taria-label=\"Agrandir\"\n\t\t\tdata-wp-init=\"callbacks.initTriggerButton\"\n\t\t\tdata-wp-on--click=\"actions.showLightbox\"\n\t\t\tdata-wp-style--right=\"state.imageButtonRight\"\n\t\t\tdata-wp-style--top=\"state.imageButtonTop\"\n\t\t>\n\t\t\t<svg xmlns=\"http:\/\/www.w3.org\/2000\/svg\" width=\"12\" height=\"12\" fill=\"none\" viewBox=\"0 0 12 12\">\n\t\t\t\t<path fill=\"#fff\" d=\"M2 0a2 2 0 0 0-2 2v2h1.5V2a.5.5 0 0 1 .5-.5h2V0H2Zm2 10.5H2a.5.5 0 0 1-.5-.5V8H0v2a2 2 0 0 0 2 2h2v-1.5ZM8 12v-1.5h2a.5.5 0 0 0 .5-.5V8H12v2a2 2 0 0 1-2 2H8Zm2-12a2 2 0 0 1 2 2v2h-1.5V2a.5.5 0 0 0-.5-.5H8V0h2Z\" \/>\n\t\t\t<\/svg>\n\t\t<\/button><\/figure>\n\n\n\n<figure data-wp-context=\"{&quot;imageId&quot;:&quot;69e1d379af390&quot;}\" data-wp-interactive=\"core\/image\" data-wp-key=\"69e1d379af390\" class=\"wp-block-image size-full wp-lightbox-container\"><img loading=\"lazy\" decoding=\"async\" width=\"1707\" height=\"2560\" data-wp-class--hide=\"state.isContentHidden\" data-wp-class--show=\"state.isContentVisible\" data-wp-init=\"callbacks.setButtonStyles\" data-wp-on--click=\"actions.showLightbox\" data-wp-on--load=\"callbacks.setButtonStyles\" data-wp-on-window--resize=\"callbacks.setButtonStyles\" data-id=\"4399\" src=\"https:\/\/lesphotosdelaetitia.com\/wp-content\/uploads\/2024\/08\/SeanceGrossesseFiona-4-1-scaled.avif\" alt=\"\" class=\"wp-image-4399\" srcset=\"https:\/\/lesphotosdelaetitia.com\/wp-content\/uploads\/2024\/08\/SeanceGrossesseFiona-4-1-scaled.avif 1707w, https:\/\/lesphotosdelaetitia.com\/wp-content\/uploads\/2024\/08\/SeanceGrossesseFiona-4-1-200x300.avif 200w, https:\/\/lesphotosdelaetitia.com\/wp-content\/uploads\/2024\/08\/SeanceGrossesseFiona-4-1-683x1024.avif 683w, https:\/\/lesphotosdelaetitia.com\/wp-content\/uploads\/2024\/08\/SeanceGrossesseFiona-4-1-768x1152.avif 768w, https:\/\/lesphotosdelaetitia.com\/wp-content\/uploads\/2024\/08\/SeanceGrossesseFiona-4-1-1024x1536.avif 1024w, https:\/\/lesphotosdelaetitia.com\/wp-content\/uploads\/2024\/08\/SeanceGrossesseFiona-4-1-1365x2048.avif 1365w\" sizes=\"auto, (max-width: 1707px) 100vw, 1707px\" \/><button\n\t\t\tclass=\"lightbox-trigger\"\n\t\t\ttype=\"button\"\n\t\t\taria-haspopup=\"dialog\"\n\t\t\taria-label=\"Agrandir\"\n\t\t\tdata-wp-init=\"callbacks.initTriggerButton\"\n\t\t\tdata-wp-on--click=\"actions.showLightbox\"\n\t\t\tdata-wp-style--right=\"state.imageButtonRight\"\n\t\t\tdata-wp-style--top=\"state.imageButtonTop\"\n\t\t>\n\t\t\t<svg xmlns=\"http:\/\/www.w3.org\/2000\/svg\" width=\"12\" height=\"12\" fill=\"none\" viewBox=\"0 0 12 12\">\n\t\t\t\t<path fill=\"#fff\" d=\"M2 0a2 2 0 0 0-2 2v2h1.5V2a.5.5 0 0 1 .5-.5h2V0H2Zm2 10.5H2a.5.5 0 0 1-.5-.5V8H0v2a2 2 0 0 0 2 2h2v-1.5ZM8 12v-1.5h2a.5.5 0 0 0 .5-.5V8H12v2a2 2 0 0 1-2 2H8Zm2-12a2 2 0 0 1 2 2v2h-1.5V2a.5.5 0 0 0-.5-.5H8V0h2Z\" \/>\n\t\t\t<\/svg>\n\t\t<\/button><\/figure>\n<\/figure>\n","protected":false},"excerpt":{"rendered":"<p>La jolie Fiona souhaitait que l&rsquo;on r\u00e9alise sa s\u00e9ance en ext\u00e9rieur, accompagn\u00e9e de son compagnon et de leur fille. Le temps \u00e9tait particuli\u00e8rement variable \u00e0 cette p\u00e9riode et nous craignions de devoir reporter la s\u00e9ance. Cependant, le compagnon de Fiona \u00e9tant assez peu disponible, nous esp\u00e9rions \u00e9viter cette situation. Je m&rsquo;\u00e9quipe donc et nous voil\u00e0 &#8230; <a title=\"La s\u00e9ance grossesse de Fiona\" class=\"read-more\" href=\"https:\/\/lesphotosdelaetitia.com\/?page_id=4409\" aria-label=\"En savoir plus sur La s\u00e9ance grossesse de Fiona\">Lire la suite<\/a><\/p>\n","protected":false},"author":2,"featured_media":0,"parent":0,"menu_order":0,"comment_status":"closed","ping_status":"closed","template":"","meta":{"footnotes":""},"class_list":["post-4409","page","type-page","status-publish"],"_links":{"self":[{"href":"https:\/\/lesphotosdelaetitia.com\/index.php?rest_route=\/wp\/v2\/pages\/4409","targetHints":{"allow":["GET"]}}],"collection":[{"href":"https:\/\/lesphotosdelaetitia.com\/index.php?rest_route=\/wp\/v2\/pages"}],"about":[{"href":"https:\/\/lesphotosdelaetitia.com\/index.php?rest_route=\/wp\/v2\/types\/page"}],"author":[{"embeddable":true,"href":"https:\/\/lesphotosdelaetitia.com\/index.php?rest_route=\/wp\/v2\/users\/2"}],"replies":[{"embeddable":true,"href":"https:\/\/lesphotosdelaetitia.com\/index.php?rest_route=%2Fwp%2Fv2%2Fcomments&post=4409"}],"version-history":[{"count":7,"href":"https:\/\/lesphotosdelaetitia.com\/index.php?rest_route=\/wp\/v2\/pages\/4409\/revisions"}],"predecessor-version":[{"id":4623,"href":"https:\/\/lesphotosdelaetitia.com\/index.php?rest_route=\/wp\/v2\/pages\/4409\/revisions\/4623"}],"wp:attachment":[{"href":"https:\/\/lesphotosdelaetitia.com\/index.php?rest_route=%2Fwp%2Fv2%2Fmedia&parent=4409"}],"curies":[{"name":"wp","href":"https:\/\/api.w.org\/{rel}","templated":true}]}}