{"id":4490,"date":"2024-08-09T20:10:30","date_gmt":"2024-08-09T18:10:30","guid":{"rendered":"https:\/\/lesphotosdelaetitia.com\/?page_id=4490"},"modified":"2024-08-15T12:13:01","modified_gmt":"2024-08-15T10:13:01","slug":"une-seance-grossesse-en-studio-au-chaud","status":"publish","type":"page","link":"https:\/\/lesphotosdelaetitia.com\/?page_id=4490","title":{"rendered":"Une s\u00e9ance grossesse en studio au chaud"},"content":{"rendered":"\n<p>Fin novembre, le nombre des s\u00e9ances en studio augmentent pour offrir plus de confort aux futures mamans. M\u00eame si certaines croisent les doigts pour avoir de la neige le jour J, la plupart pr\u00e9f\u00e8rent \u00e9viter le froid et la pluie en assurant le coup par une s\u00e9ance en int\u00e9rieur. c&rsquo;est aussi une bonne option pour celles qui pr\u00e9f\u00e8rent se rapprocher d&rsquo;un shooting un peu plus mode. C&rsquo;est vraiment une question de go\u00fbt. Quoi qu&rsquo;il en soit, je suis \u00e0 l&rsquo;\u00e9coute de vos envies.  <\/p>\n\n\n\n<figure class=\"wp-block-gallery has-nested-images columns-default is-cropped wp-block-gallery-1 is-layout-flex wp-block-gallery-is-layout-flex\">\n<figure data-wp-context=\"{&quot;imageId&quot;:&quot;6a045c5687865&quot;}\" data-wp-interactive=\"core\/image\" data-wp-key=\"6a045c5687865\" class=\"wp-block-image size-full wp-lightbox-container\"><img loading=\"lazy\" decoding=\"async\" width=\"1707\" height=\"2560\" data-wp-class--hide=\"state.isContentHidden\" data-wp-class--show=\"state.isContentVisible\" data-wp-init=\"callbacks.setButtonStyles\" data-wp-on--click=\"actions.showLightbox\" data-wp-on--load=\"callbacks.setButtonStyles\" data-wp-on-window--resize=\"callbacks.setButtonStyles\" data-id=\"4486\" src=\"https:\/\/lesphotosdelaetitia.com\/wp-content\/uploads\/2024\/08\/SeanceGrossesseLaurie-2-scaled.avif\" alt=\"\" class=\"wp-image-4486\" srcset=\"https:\/\/lesphotosdelaetitia.com\/wp-content\/uploads\/2024\/08\/SeanceGrossesseLaurie-2-scaled.avif 1707w, https:\/\/lesphotosdelaetitia.com\/wp-content\/uploads\/2024\/08\/SeanceGrossesseLaurie-2-200x300.avif 200w, https:\/\/lesphotosdelaetitia.com\/wp-content\/uploads\/2024\/08\/SeanceGrossesseLaurie-2-683x1024.avif 683w, https:\/\/lesphotosdelaetitia.com\/wp-content\/uploads\/2024\/08\/SeanceGrossesseLaurie-2-768x1152.avif 768w, https:\/\/lesphotosdelaetitia.com\/wp-content\/uploads\/2024\/08\/SeanceGrossesseLaurie-2-1024x1536.avif 1024w, https:\/\/lesphotosdelaetitia.com\/wp-content\/uploads\/2024\/08\/SeanceGrossesseLaurie-2-1365x2048.avif 1365w\" sizes=\"auto, (max-width: 1707px) 100vw, 1707px\" \/><button\n\t\t\tclass=\"lightbox-trigger\"\n\t\t\ttype=\"button\"\n\t\t\taria-haspopup=\"dialog\"\n\t\t\taria-label=\"Agrandir\"\n\t\t\tdata-wp-init=\"callbacks.initTriggerButton\"\n\t\t\tdata-wp-on--click=\"actions.showLightbox\"\n\t\t\tdata-wp-style--right=\"state.imageButtonRight\"\n\t\t\tdata-wp-style--top=\"state.imageButtonTop\"\n\t\t>\n\t\t\t<svg xmlns=\"http:\/\/www.w3.org\/2000\/svg\" width=\"12\" height=\"12\" fill=\"none\" viewBox=\"0 0 12 12\">\n\t\t\t\t<path fill=\"#fff\" d=\"M2 0a2 2 0 0 0-2 2v2h1.5V2a.5.5 0 0 1 .5-.5h2V0H2Zm2 10.5H2a.5.5 0 0 1-.5-.5V8H0v2a2 2 0 0 0 2 2h2v-1.5ZM8 12v-1.5h2a.5.5 0 0 0 .5-.5V8H12v2a2 2 0 0 1-2 2H8Zm2-12a2 2 0 0 1 2 2v2h-1.5V2a.5.5 0 0 0-.5-.5H8V0h2Z\" \/>\n\t\t\t<\/svg>\n\t\t<\/button><\/figure>\n\n\n\n<figure data-wp-context=\"{&quot;imageId&quot;:&quot;6a045c5687ba6&quot;}\" data-wp-interactive=\"core\/image\" data-wp-key=\"6a045c5687ba6\" class=\"wp-block-image size-full wp-lightbox-container\"><img loading=\"lazy\" decoding=\"async\" width=\"2560\" height=\"1707\" data-wp-class--hide=\"state.isContentHidden\" data-wp-class--show=\"state.isContentVisible\" data-wp-init=\"callbacks.setButtonStyles\" data-wp-on--click=\"actions.showLightbox\" data-wp-on--load=\"callbacks.setButtonStyles\" data-wp-on-window--resize=\"callbacks.setButtonStyles\" data-id=\"4485\" src=\"https:\/\/lesphotosdelaetitia.com\/wp-content\/uploads\/2024\/08\/SeanceGrossesseLaurie-3-scaled.avif\" alt=\"\" class=\"wp-image-4485\" srcset=\"https:\/\/lesphotosdelaetitia.com\/wp-content\/uploads\/2024\/08\/SeanceGrossesseLaurie-3-scaled.avif 2560w, https:\/\/lesphotosdelaetitia.com\/wp-content\/uploads\/2024\/08\/SeanceGrossesseLaurie-3-300x200.avif 300w, https:\/\/lesphotosdelaetitia.com\/wp-content\/uploads\/2024\/08\/SeanceGrossesseLaurie-3-1024x683.avif 1024w, https:\/\/lesphotosdelaetitia.com\/wp-content\/uploads\/2024\/08\/SeanceGrossesseLaurie-3-768x512.avif 768w, https:\/\/lesphotosdelaetitia.com\/wp-content\/uploads\/2024\/08\/SeanceGrossesseLaurie-3-1536x1024.avif 1536w, https:\/\/lesphotosdelaetitia.com\/wp-content\/uploads\/2024\/08\/SeanceGrossesseLaurie-3-2048x1365.avif 2048w\" sizes=\"auto, (max-width: 2560px) 100vw, 2560px\" \/><button\n\t\t\tclass=\"lightbox-trigger\"\n\t\t\ttype=\"button\"\n\t\t\taria-haspopup=\"dialog\"\n\t\t\taria-label=\"Agrandir\"\n\t\t\tdata-wp-init=\"callbacks.initTriggerButton\"\n\t\t\tdata-wp-on--click=\"actions.showLightbox\"\n\t\t\tdata-wp-style--right=\"state.imageButtonRight\"\n\t\t\tdata-wp-style--top=\"state.imageButtonTop\"\n\t\t>\n\t\t\t<svg xmlns=\"http:\/\/www.w3.org\/2000\/svg\" width=\"12\" height=\"12\" fill=\"none\" viewBox=\"0 0 12 12\">\n\t\t\t\t<path fill=\"#fff\" d=\"M2 0a2 2 0 0 0-2 2v2h1.5V2a.5.5 0 0 1 .5-.5h2V0H2Zm2 10.5H2a.5.5 0 0 1-.5-.5V8H0v2a2 2 0 0 0 2 2h2v-1.5ZM8 12v-1.5h2a.5.5 0 0 0 .5-.5V8H12v2a2 2 0 0 1-2 2H8Zm2-12a2 2 0 0 1 2 2v2h-1.5V2a.5.5 0 0 0-.5-.5H8V0h2Z\" \/>\n\t\t\t<\/svg>\n\t\t<\/button><\/figure>\n\n\n\n<figure data-wp-context=\"{&quot;imageId&quot;:&quot;6a045c5687ec6&quot;}\" data-wp-interactive=\"core\/image\" data-wp-key=\"6a045c5687ec6\" class=\"wp-block-image size-full wp-lightbox-container\"><img loading=\"lazy\" decoding=\"async\" width=\"1707\" height=\"2560\" data-wp-class--hide=\"state.isContentHidden\" data-wp-class--show=\"state.isContentVisible\" data-wp-init=\"callbacks.setButtonStyles\" data-wp-on--click=\"actions.showLightbox\" data-wp-on--load=\"callbacks.setButtonStyles\" data-wp-on-window--resize=\"callbacks.setButtonStyles\" data-id=\"4483\" src=\"https:\/\/lesphotosdelaetitia.com\/wp-content\/uploads\/2024\/08\/SeanceGrossesseLaurie-5-scaled.avif\" alt=\"\" class=\"wp-image-4483\" srcset=\"https:\/\/lesphotosdelaetitia.com\/wp-content\/uploads\/2024\/08\/SeanceGrossesseLaurie-5-scaled.avif 1707w, https:\/\/lesphotosdelaetitia.com\/wp-content\/uploads\/2024\/08\/SeanceGrossesseLaurie-5-200x300.avif 200w, https:\/\/lesphotosdelaetitia.com\/wp-content\/uploads\/2024\/08\/SeanceGrossesseLaurie-5-683x1024.avif 683w, https:\/\/lesphotosdelaetitia.com\/wp-content\/uploads\/2024\/08\/SeanceGrossesseLaurie-5-768x1152.avif 768w, https:\/\/lesphotosdelaetitia.com\/wp-content\/uploads\/2024\/08\/SeanceGrossesseLaurie-5-1024x1536.avif 1024w, https:\/\/lesphotosdelaetitia.com\/wp-content\/uploads\/2024\/08\/SeanceGrossesseLaurie-5-1365x2048.avif 1365w\" sizes=\"auto, (max-width: 1707px) 100vw, 1707px\" \/><button\n\t\t\tclass=\"lightbox-trigger\"\n\t\t\ttype=\"button\"\n\t\t\taria-haspopup=\"dialog\"\n\t\t\taria-label=\"Agrandir\"\n\t\t\tdata-wp-init=\"callbacks.initTriggerButton\"\n\t\t\tdata-wp-on--click=\"actions.showLightbox\"\n\t\t\tdata-wp-style--right=\"state.imageButtonRight\"\n\t\t\tdata-wp-style--top=\"state.imageButtonTop\"\n\t\t>\n\t\t\t<svg xmlns=\"http:\/\/www.w3.org\/2000\/svg\" width=\"12\" height=\"12\" fill=\"none\" viewBox=\"0 0 12 12\">\n\t\t\t\t<path fill=\"#fff\" d=\"M2 0a2 2 0 0 0-2 2v2h1.5V2a.5.5 0 0 1 .5-.5h2V0H2Zm2 10.5H2a.5.5 0 0 1-.5-.5V8H0v2a2 2 0 0 0 2 2h2v-1.5ZM8 12v-1.5h2a.5.5 0 0 0 .5-.5V8H12v2a2 2 0 0 1-2 2H8Zm2-12a2 2 0 0 1 2 2v2h-1.5V2a.5.5 0 0 0-.5-.5H8V0h2Z\" \/>\n\t\t\t<\/svg>\n\t\t<\/button><\/figure>\n\n\n\n<figure data-wp-context=\"{&quot;imageId&quot;:&quot;6a045c56881fe&quot;}\" data-wp-interactive=\"core\/image\" data-wp-key=\"6a045c56881fe\" class=\"wp-block-image alignwide size-full is-style-default wp-lightbox-container\"><img loading=\"lazy\" decoding=\"async\" width=\"2560\" height=\"1707\" data-wp-class--hide=\"state.isContentHidden\" data-wp-class--show=\"state.isContentVisible\" data-wp-init=\"callbacks.setButtonStyles\" data-wp-on--click=\"actions.showLightbox\" data-wp-on--load=\"callbacks.setButtonStyles\" data-wp-on-window--resize=\"callbacks.setButtonStyles\" data-id=\"4484\" src=\"https:\/\/lesphotosdelaetitia.com\/wp-content\/uploads\/2024\/08\/SeanceGrossesseLaurie-4-scaled.avif\" alt=\"\" class=\"wp-image-4484\" srcset=\"https:\/\/lesphotosdelaetitia.com\/wp-content\/uploads\/2024\/08\/SeanceGrossesseLaurie-4-scaled.avif 2560w, https:\/\/lesphotosdelaetitia.com\/wp-content\/uploads\/2024\/08\/SeanceGrossesseLaurie-4-300x200.avif 300w, https:\/\/lesphotosdelaetitia.com\/wp-content\/uploads\/2024\/08\/SeanceGrossesseLaurie-4-1024x683.avif 1024w, https:\/\/lesphotosdelaetitia.com\/wp-content\/uploads\/2024\/08\/SeanceGrossesseLaurie-4-768x512.avif 768w, https:\/\/lesphotosdelaetitia.com\/wp-content\/uploads\/2024\/08\/SeanceGrossesseLaurie-4-1536x1024.avif 1536w, https:\/\/lesphotosdelaetitia.com\/wp-content\/uploads\/2024\/08\/SeanceGrossesseLaurie-4-2048x1365.avif 2048w\" sizes=\"auto, (max-width: 2560px) 100vw, 2560px\" \/><button\n\t\t\tclass=\"lightbox-trigger\"\n\t\t\ttype=\"button\"\n\t\t\taria-haspopup=\"dialog\"\n\t\t\taria-label=\"Agrandir\"\n\t\t\tdata-wp-init=\"callbacks.initTriggerButton\"\n\t\t\tdata-wp-on--click=\"actions.showLightbox\"\n\t\t\tdata-wp-style--right=\"state.imageButtonRight\"\n\t\t\tdata-wp-style--top=\"state.imageButtonTop\"\n\t\t>\n\t\t\t<svg xmlns=\"http:\/\/www.w3.org\/2000\/svg\" width=\"12\" height=\"12\" fill=\"none\" viewBox=\"0 0 12 12\">\n\t\t\t\t<path fill=\"#fff\" d=\"M2 0a2 2 0 0 0-2 2v2h1.5V2a.5.5 0 0 1 .5-.5h2V0H2Zm2 10.5H2a.5.5 0 0 1-.5-.5V8H0v2a2 2 0 0 0 2 2h2v-1.5ZM8 12v-1.5h2a.5.5 0 0 0 .5-.5V8H12v2a2 2 0 0 1-2 2H8Zm2-12a2 2 0 0 1 2 2v2h-1.5V2a.5.5 0 0 0-.5-.5H8V0h2Z\" \/>\n\t\t\t<\/svg>\n\t\t<\/button><\/figure>\n\n\n\n<figure data-wp-context=\"{&quot;imageId&quot;:&quot;6a045c56884ea&quot;}\" data-wp-interactive=\"core\/image\" data-wp-key=\"6a045c56884ea\" class=\"wp-block-image size-full wp-lightbox-container\"><img loading=\"lazy\" decoding=\"async\" width=\"2560\" height=\"1707\" data-wp-class--hide=\"state.isContentHidden\" data-wp-class--show=\"state.isContentVisible\" data-wp-init=\"callbacks.setButtonStyles\" data-wp-on--click=\"actions.showLightbox\" data-wp-on--load=\"callbacks.setButtonStyles\" data-wp-on-window--resize=\"callbacks.setButtonStyles\" data-id=\"4481\" src=\"https:\/\/lesphotosdelaetitia.com\/wp-content\/uploads\/2024\/08\/SeanceGrossesseLaurie-7-scaled.avif\" alt=\"\" class=\"wp-image-4481\" srcset=\"https:\/\/lesphotosdelaetitia.com\/wp-content\/uploads\/2024\/08\/SeanceGrossesseLaurie-7-scaled.avif 2560w, https:\/\/lesphotosdelaetitia.com\/wp-content\/uploads\/2024\/08\/SeanceGrossesseLaurie-7-300x200.avif 300w, https:\/\/lesphotosdelaetitia.com\/wp-content\/uploads\/2024\/08\/SeanceGrossesseLaurie-7-1024x683.avif 1024w, https:\/\/lesphotosdelaetitia.com\/wp-content\/uploads\/2024\/08\/SeanceGrossesseLaurie-7-768x512.avif 768w, https:\/\/lesphotosdelaetitia.com\/wp-content\/uploads\/2024\/08\/SeanceGrossesseLaurie-7-1536x1024.avif 1536w, https:\/\/lesphotosdelaetitia.com\/wp-content\/uploads\/2024\/08\/SeanceGrossesseLaurie-7-2048x1365.avif 2048w\" sizes=\"auto, (max-width: 2560px) 100vw, 2560px\" \/><button\n\t\t\tclass=\"lightbox-trigger\"\n\t\t\ttype=\"button\"\n\t\t\taria-haspopup=\"dialog\"\n\t\t\taria-label=\"Agrandir\"\n\t\t\tdata-wp-init=\"callbacks.initTriggerButton\"\n\t\t\tdata-wp-on--click=\"actions.showLightbox\"\n\t\t\tdata-wp-style--right=\"state.imageButtonRight\"\n\t\t\tdata-wp-style--top=\"state.imageButtonTop\"\n\t\t>\n\t\t\t<svg xmlns=\"http:\/\/www.w3.org\/2000\/svg\" width=\"12\" height=\"12\" fill=\"none\" viewBox=\"0 0 12 12\">\n\t\t\t\t<path fill=\"#fff\" d=\"M2 0a2 2 0 0 0-2 2v2h1.5V2a.5.5 0 0 1 .5-.5h2V0H2Zm2 10.5H2a.5.5 0 0 1-.5-.5V8H0v2a2 2 0 0 0 2 2h2v-1.5ZM8 12v-1.5h2a.5.5 0 0 0 .5-.5V8H12v2a2 2 0 0 1-2 2H8Zm2-12a2 2 0 0 1 2 2v2h-1.5V2a.5.5 0 0 0-.5-.5H8V0h2Z\" \/>\n\t\t\t<\/svg>\n\t\t<\/button><\/figure>\n\n\n\n<figure data-wp-context=\"{&quot;imageId&quot;:&quot;6a045c5688837&quot;}\" data-wp-interactive=\"core\/image\" data-wp-key=\"6a045c5688837\" class=\"wp-block-image size-full wp-lightbox-container\"><img loading=\"lazy\" decoding=\"async\" width=\"2560\" height=\"1707\" data-wp-class--hide=\"state.isContentHidden\" data-wp-class--show=\"state.isContentVisible\" data-wp-init=\"callbacks.setButtonStyles\" data-wp-on--click=\"actions.showLightbox\" data-wp-on--load=\"callbacks.setButtonStyles\" data-wp-on-window--resize=\"callbacks.setButtonStyles\" data-id=\"4478\" src=\"https:\/\/lesphotosdelaetitia.com\/wp-content\/uploads\/2024\/08\/SeanceGrossesseLaurie-10-1-scaled.avif\" alt=\"\" class=\"wp-image-4478\" srcset=\"https:\/\/lesphotosdelaetitia.com\/wp-content\/uploads\/2024\/08\/SeanceGrossesseLaurie-10-1-scaled.avif 2560w, https:\/\/lesphotosdelaetitia.com\/wp-content\/uploads\/2024\/08\/SeanceGrossesseLaurie-10-1-300x200.avif 300w, https:\/\/lesphotosdelaetitia.com\/wp-content\/uploads\/2024\/08\/SeanceGrossesseLaurie-10-1-1024x683.avif 1024w, https:\/\/lesphotosdelaetitia.com\/wp-content\/uploads\/2024\/08\/SeanceGrossesseLaurie-10-1-768x512.avif 768w, https:\/\/lesphotosdelaetitia.com\/wp-content\/uploads\/2024\/08\/SeanceGrossesseLaurie-10-1-1536x1024.avif 1536w, https:\/\/lesphotosdelaetitia.com\/wp-content\/uploads\/2024\/08\/SeanceGrossesseLaurie-10-1-2048x1365.avif 2048w\" sizes=\"auto, (max-width: 2560px) 100vw, 2560px\" \/><button\n\t\t\tclass=\"lightbox-trigger\"\n\t\t\ttype=\"button\"\n\t\t\taria-haspopup=\"dialog\"\n\t\t\taria-label=\"Agrandir\"\n\t\t\tdata-wp-init=\"callbacks.initTriggerButton\"\n\t\t\tdata-wp-on--click=\"actions.showLightbox\"\n\t\t\tdata-wp-style--right=\"state.imageButtonRight\"\n\t\t\tdata-wp-style--top=\"state.imageButtonTop\"\n\t\t>\n\t\t\t<svg xmlns=\"http:\/\/www.w3.org\/2000\/svg\" width=\"12\" height=\"12\" fill=\"none\" viewBox=\"0 0 12 12\">\n\t\t\t\t<path fill=\"#fff\" d=\"M2 0a2 2 0 0 0-2 2v2h1.5V2a.5.5 0 0 1 .5-.5h2V0H2Zm2 10.5H2a.5.5 0 0 1-.5-.5V8H0v2a2 2 0 0 0 2 2h2v-1.5ZM8 12v-1.5h2a.5.5 0 0 0 .5-.5V8H12v2a2 2 0 0 1-2 2H8Zm2-12a2 2 0 0 1 2 2v2h-1.5V2a.5.5 0 0 0-.5-.5H8V0h2Z\" \/>\n\t\t\t<\/svg>\n\t\t<\/button><\/figure>\n<\/figure>\n","protected":false},"excerpt":{"rendered":"<p>Fin novembre, le nombre des s\u00e9ances en studio augmentent pour offrir plus de confort aux futures mamans. M\u00eame si certaines croisent les doigts pour avoir de la neige le jour J, la plupart pr\u00e9f\u00e8rent \u00e9viter le froid et la pluie en assurant le coup par une s\u00e9ance en int\u00e9rieur. c&rsquo;est aussi une bonne option pour &#8230; <a title=\"Une s\u00e9ance grossesse en studio au chaud\" class=\"read-more\" href=\"https:\/\/lesphotosdelaetitia.com\/?page_id=4490\" aria-label=\"En savoir plus sur Une s\u00e9ance grossesse en studio au chaud\">Lire la suite<\/a><\/p>\n","protected":false},"author":2,"featured_media":0,"parent":0,"menu_order":0,"comment_status":"closed","ping_status":"closed","template":"","meta":{"footnotes":""},"class_list":["post-4490","page","type-page","status-publish"],"_links":{"self":[{"href":"https:\/\/lesphotosdelaetitia.com\/index.php?rest_route=\/wp\/v2\/pages\/4490","targetHints":{"allow":["GET"]}}],"collection":[{"href":"https:\/\/lesphotosdelaetitia.com\/index.php?rest_route=\/wp\/v2\/pages"}],"about":[{"href":"https:\/\/lesphotosdelaetitia.com\/index.php?rest_route=\/wp\/v2\/types\/page"}],"author":[{"embeddable":true,"href":"https:\/\/lesphotosdelaetitia.com\/index.php?rest_route=\/wp\/v2\/users\/2"}],"replies":[{"embeddable":true,"href":"https:\/\/lesphotosdelaetitia.com\/index.php?rest_route=%2Fwp%2Fv2%2Fcomments&post=4490"}],"version-history":[{"count":2,"href":"https:\/\/lesphotosdelaetitia.com\/index.php?rest_route=\/wp\/v2\/pages\/4490\/revisions"}],"predecessor-version":[{"id":4637,"href":"https:\/\/lesphotosdelaetitia.com\/index.php?rest_route=\/wp\/v2\/pages\/4490\/revisions\/4637"}],"wp:attachment":[{"href":"https:\/\/lesphotosdelaetitia.com\/index.php?rest_route=%2Fwp%2Fv2%2Fmedia&parent=4490"}],"curies":[{"name":"wp","href":"https:\/\/api.w.org\/{rel}","templated":true}]}}