{"id":4523,"date":"2024-08-10T14:02:43","date_gmt":"2024-08-10T12:02:43","guid":{"rendered":"https:\/\/lesphotosdelaetitia.com\/?page_id=4523"},"modified":"2024-08-16T14:15:43","modified_gmt":"2024-08-16T12:15:43","slug":"4523-2","status":"publish","type":"page","link":"https:\/\/lesphotosdelaetitia.com\/?page_id=4523","title":{"rendered":"La s\u00e9ance grossesse de Kelly"},"content":{"rendered":"\n<p>Kelly m&rsquo;a dit d\u00e8s sa prise de rendez-vous \u00ab\u00a0j&rsquo;aimerais un lieu avec de l&rsquo;eau et de la for\u00eat\u00a0\u00bb. C&rsquo;est donc dans un de mes lieux coup de coeur que je l&rsquo;ai amen\u00e9e avec son compagnon. Tr\u00e8s vite elle a su se mettre \u00e0 laisse et se laisser guider par mes conseils. Nous avons tous les trois appr\u00e9ci\u00e9s ce moment suspendu dans le temps. Ce joli couple est d&rsquo;ailleurs revenu avec leur petit b\u00e9b\u00e9 dont la s\u00e9ance nouveau-n\u00e9 se trouve <a href=\"https:\/\/lesphotosdelaetitia.com\/?page_id=4511\">ici<\/a>. Le vert \u00e9tait la couleur directrice qu&rsquo;ils avaient choisie pour leurs deux s\u00e9ances.<\/p>\n\n\n\n<figure class=\"wp-block-gallery has-nested-images columns-3 is-cropped wp-block-gallery-1 is-layout-flex wp-block-gallery-is-layout-flex\">\n<figure data-wp-context=\"{&quot;imageId&quot;:&quot;6a045c28a282d&quot;}\" data-wp-interactive=\"core\/image\" data-wp-key=\"6a045c28a282d\" class=\"wp-block-image size-full wp-lightbox-container\"><img loading=\"lazy\" decoding=\"async\" width=\"2560\" height=\"1707\" data-wp-class--hide=\"state.isContentHidden\" data-wp-class--show=\"state.isContentVisible\" data-wp-init=\"callbacks.setButtonStyles\" data-wp-on--click=\"actions.showLightbox\" data-wp-on--load=\"callbacks.setButtonStyles\" data-wp-on-window--resize=\"callbacks.setButtonStyles\" data-id=\"4522\" src=\"https:\/\/lesphotosdelaetitia.com\/wp-content\/uploads\/2024\/08\/\u00a9LesPhotosDeLaetitia-GrossesseKelly-2-scaled.avif\" alt=\"\" class=\"wp-image-4522\" srcset=\"https:\/\/lesphotosdelaetitia.com\/wp-content\/uploads\/2024\/08\/\u00a9LesPhotosDeLaetitia-GrossesseKelly-2-scaled.avif 2560w, https:\/\/lesphotosdelaetitia.com\/wp-content\/uploads\/2024\/08\/\u00a9LesPhotosDeLaetitia-GrossesseKelly-2-300x200.avif 300w, https:\/\/lesphotosdelaetitia.com\/wp-content\/uploads\/2024\/08\/\u00a9LesPhotosDeLaetitia-GrossesseKelly-2-1024x683.avif 1024w, https:\/\/lesphotosdelaetitia.com\/wp-content\/uploads\/2024\/08\/\u00a9LesPhotosDeLaetitia-GrossesseKelly-2-768x512.avif 768w, https:\/\/lesphotosdelaetitia.com\/wp-content\/uploads\/2024\/08\/\u00a9LesPhotosDeLaetitia-GrossesseKelly-2-1536x1024.avif 1536w, https:\/\/lesphotosdelaetitia.com\/wp-content\/uploads\/2024\/08\/\u00a9LesPhotosDeLaetitia-GrossesseKelly-2-2048x1365.avif 2048w\" sizes=\"auto, (max-width: 2560px) 100vw, 2560px\" \/><button\n\t\t\tclass=\"lightbox-trigger\"\n\t\t\ttype=\"button\"\n\t\t\taria-haspopup=\"dialog\"\n\t\t\taria-label=\"Agrandir\"\n\t\t\tdata-wp-init=\"callbacks.initTriggerButton\"\n\t\t\tdata-wp-on--click=\"actions.showLightbox\"\n\t\t\tdata-wp-style--right=\"state.imageButtonRight\"\n\t\t\tdata-wp-style--top=\"state.imageButtonTop\"\n\t\t>\n\t\t\t<svg xmlns=\"http:\/\/www.w3.org\/2000\/svg\" width=\"12\" height=\"12\" fill=\"none\" viewBox=\"0 0 12 12\">\n\t\t\t\t<path fill=\"#fff\" d=\"M2 0a2 2 0 0 0-2 2v2h1.5V2a.5.5 0 0 1 .5-.5h2V0H2Zm2 10.5H2a.5.5 0 0 1-.5-.5V8H0v2a2 2 0 0 0 2 2h2v-1.5ZM8 12v-1.5h2a.5.5 0 0 0 .5-.5V8H12v2a2 2 0 0 1-2 2H8Zm2-12a2 2 0 0 1 2 2v2h-1.5V2a.5.5 0 0 0-.5-.5H8V0h2Z\" \/>\n\t\t\t<\/svg>\n\t\t<\/button><\/figure>\n\n\n\n<figure data-wp-context=\"{&quot;imageId&quot;:&quot;6a045c28a2be6&quot;}\" data-wp-interactive=\"core\/image\" data-wp-key=\"6a045c28a2be6\" class=\"wp-block-image size-full wp-lightbox-container\"><img loading=\"lazy\" decoding=\"async\" width=\"2560\" height=\"1707\" data-wp-class--hide=\"state.isContentHidden\" data-wp-class--show=\"state.isContentVisible\" data-wp-init=\"callbacks.setButtonStyles\" data-wp-on--click=\"actions.showLightbox\" data-wp-on--load=\"callbacks.setButtonStyles\" data-wp-on-window--resize=\"callbacks.setButtonStyles\" data-id=\"4521\" src=\"https:\/\/lesphotosdelaetitia.com\/wp-content\/uploads\/2024\/08\/\u00a9LesPhotosDeLaetitia-GrossesseKelly-3-scaled.avif\" alt=\"\" class=\"wp-image-4521\" srcset=\"https:\/\/lesphotosdelaetitia.com\/wp-content\/uploads\/2024\/08\/\u00a9LesPhotosDeLaetitia-GrossesseKelly-3-scaled.avif 2560w, https:\/\/lesphotosdelaetitia.com\/wp-content\/uploads\/2024\/08\/\u00a9LesPhotosDeLaetitia-GrossesseKelly-3-300x200.avif 300w, https:\/\/lesphotosdelaetitia.com\/wp-content\/uploads\/2024\/08\/\u00a9LesPhotosDeLaetitia-GrossesseKelly-3-1024x683.avif 1024w, https:\/\/lesphotosdelaetitia.com\/wp-content\/uploads\/2024\/08\/\u00a9LesPhotosDeLaetitia-GrossesseKelly-3-768x512.avif 768w, https:\/\/lesphotosdelaetitia.com\/wp-content\/uploads\/2024\/08\/\u00a9LesPhotosDeLaetitia-GrossesseKelly-3-1536x1024.avif 1536w, https:\/\/lesphotosdelaetitia.com\/wp-content\/uploads\/2024\/08\/\u00a9LesPhotosDeLaetitia-GrossesseKelly-3-2048x1365.avif 2048w\" sizes=\"auto, (max-width: 2560px) 100vw, 2560px\" \/><button\n\t\t\tclass=\"lightbox-trigger\"\n\t\t\ttype=\"button\"\n\t\t\taria-haspopup=\"dialog\"\n\t\t\taria-label=\"Agrandir\"\n\t\t\tdata-wp-init=\"callbacks.initTriggerButton\"\n\t\t\tdata-wp-on--click=\"actions.showLightbox\"\n\t\t\tdata-wp-style--right=\"state.imageButtonRight\"\n\t\t\tdata-wp-style--top=\"state.imageButtonTop\"\n\t\t>\n\t\t\t<svg xmlns=\"http:\/\/www.w3.org\/2000\/svg\" width=\"12\" height=\"12\" fill=\"none\" viewBox=\"0 0 12 12\">\n\t\t\t\t<path fill=\"#fff\" d=\"M2 0a2 2 0 0 0-2 2v2h1.5V2a.5.5 0 0 1 .5-.5h2V0H2Zm2 10.5H2a.5.5 0 0 1-.5-.5V8H0v2a2 2 0 0 0 2 2h2v-1.5ZM8 12v-1.5h2a.5.5 0 0 0 .5-.5V8H12v2a2 2 0 0 1-2 2H8Zm2-12a2 2 0 0 1 2 2v2h-1.5V2a.5.5 0 0 0-.5-.5H8V0h2Z\" \/>\n\t\t\t<\/svg>\n\t\t<\/button><\/figure>\n\n\n\n<figure data-wp-context=\"{&quot;imageId&quot;:&quot;6a045c28a2f49&quot;}\" data-wp-interactive=\"core\/image\" data-wp-key=\"6a045c28a2f49\" class=\"wp-block-image size-full wp-lightbox-container\"><img loading=\"lazy\" decoding=\"async\" width=\"2560\" height=\"1707\" data-wp-class--hide=\"state.isContentHidden\" data-wp-class--show=\"state.isContentVisible\" data-wp-init=\"callbacks.setButtonStyles\" data-wp-on--click=\"actions.showLightbox\" data-wp-on--load=\"callbacks.setButtonStyles\" data-wp-on-window--resize=\"callbacks.setButtonStyles\" data-id=\"4520\" src=\"https:\/\/lesphotosdelaetitia.com\/wp-content\/uploads\/2024\/08\/\u00a9LesPhotosDeLaetitia-GrossesseKelly-4-1-scaled.avif\" alt=\"\" class=\"wp-image-4520\" srcset=\"https:\/\/lesphotosdelaetitia.com\/wp-content\/uploads\/2024\/08\/\u00a9LesPhotosDeLaetitia-GrossesseKelly-4-1-scaled.avif 2560w, https:\/\/lesphotosdelaetitia.com\/wp-content\/uploads\/2024\/08\/\u00a9LesPhotosDeLaetitia-GrossesseKelly-4-1-300x200.avif 300w, https:\/\/lesphotosdelaetitia.com\/wp-content\/uploads\/2024\/08\/\u00a9LesPhotosDeLaetitia-GrossesseKelly-4-1-1024x683.avif 1024w, https:\/\/lesphotosdelaetitia.com\/wp-content\/uploads\/2024\/08\/\u00a9LesPhotosDeLaetitia-GrossesseKelly-4-1-768x512.avif 768w, https:\/\/lesphotosdelaetitia.com\/wp-content\/uploads\/2024\/08\/\u00a9LesPhotosDeLaetitia-GrossesseKelly-4-1-1536x1024.avif 1536w, https:\/\/lesphotosdelaetitia.com\/wp-content\/uploads\/2024\/08\/\u00a9LesPhotosDeLaetitia-GrossesseKelly-4-1-2048x1365.avif 2048w\" sizes=\"auto, (max-width: 2560px) 100vw, 2560px\" \/><button\n\t\t\tclass=\"lightbox-trigger\"\n\t\t\ttype=\"button\"\n\t\t\taria-haspopup=\"dialog\"\n\t\t\taria-label=\"Agrandir\"\n\t\t\tdata-wp-init=\"callbacks.initTriggerButton\"\n\t\t\tdata-wp-on--click=\"actions.showLightbox\"\n\t\t\tdata-wp-style--right=\"state.imageButtonRight\"\n\t\t\tdata-wp-style--top=\"state.imageButtonTop\"\n\t\t>\n\t\t\t<svg xmlns=\"http:\/\/www.w3.org\/2000\/svg\" width=\"12\" height=\"12\" fill=\"none\" viewBox=\"0 0 12 12\">\n\t\t\t\t<path fill=\"#fff\" d=\"M2 0a2 2 0 0 0-2 2v2h1.5V2a.5.5 0 0 1 .5-.5h2V0H2Zm2 10.5H2a.5.5 0 0 1-.5-.5V8H0v2a2 2 0 0 0 2 2h2v-1.5ZM8 12v-1.5h2a.5.5 0 0 0 .5-.5V8H12v2a2 2 0 0 1-2 2H8Zm2-12a2 2 0 0 1 2 2v2h-1.5V2a.5.5 0 0 0-.5-.5H8V0h2Z\" \/>\n\t\t\t<\/svg>\n\t\t<\/button><\/figure>\n\n\n\n<figure data-wp-context=\"{&quot;imageId&quot;:&quot;6a045c28a321b&quot;}\" data-wp-interactive=\"core\/image\" data-wp-key=\"6a045c28a321b\" class=\"wp-block-image size-full wp-lightbox-container\"><img loading=\"lazy\" decoding=\"async\" width=\"2560\" height=\"1707\" data-wp-class--hide=\"state.isContentHidden\" data-wp-class--show=\"state.isContentVisible\" data-wp-init=\"callbacks.setButtonStyles\" data-wp-on--click=\"actions.showLightbox\" data-wp-on--load=\"callbacks.setButtonStyles\" data-wp-on-window--resize=\"callbacks.setButtonStyles\" data-id=\"4519\" src=\"https:\/\/lesphotosdelaetitia.com\/wp-content\/uploads\/2024\/08\/\u00a9LesPhotosDeLaetitia-GrossesseKelly-5-scaled.avif\" alt=\"\" class=\"wp-image-4519\" srcset=\"https:\/\/lesphotosdelaetitia.com\/wp-content\/uploads\/2024\/08\/\u00a9LesPhotosDeLaetitia-GrossesseKelly-5-scaled.avif 2560w, https:\/\/lesphotosdelaetitia.com\/wp-content\/uploads\/2024\/08\/\u00a9LesPhotosDeLaetitia-GrossesseKelly-5-300x200.avif 300w, https:\/\/lesphotosdelaetitia.com\/wp-content\/uploads\/2024\/08\/\u00a9LesPhotosDeLaetitia-GrossesseKelly-5-1024x683.avif 1024w, https:\/\/lesphotosdelaetitia.com\/wp-content\/uploads\/2024\/08\/\u00a9LesPhotosDeLaetitia-GrossesseKelly-5-768x512.avif 768w, https:\/\/lesphotosdelaetitia.com\/wp-content\/uploads\/2024\/08\/\u00a9LesPhotosDeLaetitia-GrossesseKelly-5-1536x1024.avif 1536w, https:\/\/lesphotosdelaetitia.com\/wp-content\/uploads\/2024\/08\/\u00a9LesPhotosDeLaetitia-GrossesseKelly-5-2048x1365.avif 2048w\" sizes=\"auto, (max-width: 2560px) 100vw, 2560px\" \/><button\n\t\t\tclass=\"lightbox-trigger\"\n\t\t\ttype=\"button\"\n\t\t\taria-haspopup=\"dialog\"\n\t\t\taria-label=\"Agrandir\"\n\t\t\tdata-wp-init=\"callbacks.initTriggerButton\"\n\t\t\tdata-wp-on--click=\"actions.showLightbox\"\n\t\t\tdata-wp-style--right=\"state.imageButtonRight\"\n\t\t\tdata-wp-style--top=\"state.imageButtonTop\"\n\t\t>\n\t\t\t<svg xmlns=\"http:\/\/www.w3.org\/2000\/svg\" width=\"12\" height=\"12\" fill=\"none\" viewBox=\"0 0 12 12\">\n\t\t\t\t<path fill=\"#fff\" d=\"M2 0a2 2 0 0 0-2 2v2h1.5V2a.5.5 0 0 1 .5-.5h2V0H2Zm2 10.5H2a.5.5 0 0 1-.5-.5V8H0v2a2 2 0 0 0 2 2h2v-1.5ZM8 12v-1.5h2a.5.5 0 0 0 .5-.5V8H12v2a2 2 0 0 1-2 2H8Zm2-12a2 2 0 0 1 2 2v2h-1.5V2a.5.5 0 0 0-.5-.5H8V0h2Z\" \/>\n\t\t\t<\/svg>\n\t\t<\/button><\/figure>\n\n\n\n<figure data-wp-context=\"{&quot;imageId&quot;:&quot;6a045c28a3553&quot;}\" data-wp-interactive=\"core\/image\" data-wp-key=\"6a045c28a3553\" class=\"wp-block-image size-full wp-lightbox-container\"><img loading=\"lazy\" decoding=\"async\" width=\"1707\" height=\"2560\" data-wp-class--hide=\"state.isContentHidden\" data-wp-class--show=\"state.isContentVisible\" data-wp-init=\"callbacks.setButtonStyles\" data-wp-on--click=\"actions.showLightbox\" data-wp-on--load=\"callbacks.setButtonStyles\" data-wp-on-window--resize=\"callbacks.setButtonStyles\" data-id=\"4525\" src=\"https:\/\/lesphotosdelaetitia.com\/wp-content\/uploads\/2024\/08\/\u00a9LesPhotosDeLaetitia-GrossesseKelly-1-scaled.avif\" alt=\"\" class=\"wp-image-4525\" srcset=\"https:\/\/lesphotosdelaetitia.com\/wp-content\/uploads\/2024\/08\/\u00a9LesPhotosDeLaetitia-GrossesseKelly-1-scaled.avif 1707w, https:\/\/lesphotosdelaetitia.com\/wp-content\/uploads\/2024\/08\/\u00a9LesPhotosDeLaetitia-GrossesseKelly-1-200x300.avif 200w\" sizes=\"auto, (max-width: 1707px) 100vw, 1707px\" \/><button\n\t\t\tclass=\"lightbox-trigger\"\n\t\t\ttype=\"button\"\n\t\t\taria-haspopup=\"dialog\"\n\t\t\taria-label=\"Agrandir\"\n\t\t\tdata-wp-init=\"callbacks.initTriggerButton\"\n\t\t\tdata-wp-on--click=\"actions.showLightbox\"\n\t\t\tdata-wp-style--right=\"state.imageButtonRight\"\n\t\t\tdata-wp-style--top=\"state.imageButtonTop\"\n\t\t>\n\t\t\t<svg xmlns=\"http:\/\/www.w3.org\/2000\/svg\" width=\"12\" height=\"12\" fill=\"none\" viewBox=\"0 0 12 12\">\n\t\t\t\t<path fill=\"#fff\" d=\"M2 0a2 2 0 0 0-2 2v2h1.5V2a.5.5 0 0 1 .5-.5h2V0H2Zm2 10.5H2a.5.5 0 0 1-.5-.5V8H0v2a2 2 0 0 0 2 2h2v-1.5ZM8 12v-1.5h2a.5.5 0 0 0 .5-.5V8H12v2a2 2 0 0 1-2 2H8Zm2-12a2 2 0 0 1 2 2v2h-1.5V2a.5.5 0 0 0-.5-.5H8V0h2Z\" \/>\n\t\t\t<\/svg>\n\t\t<\/button><\/figure>\n\n\n\n<figure data-wp-context=\"{&quot;imageId&quot;:&quot;6a045c28a38d2&quot;}\" data-wp-interactive=\"core\/image\" data-wp-key=\"6a045c28a38d2\" class=\"wp-block-image size-full wp-lightbox-container\"><img loading=\"lazy\" decoding=\"async\" width=\"1707\" height=\"2560\" data-wp-class--hide=\"state.isContentHidden\" data-wp-class--show=\"state.isContentVisible\" data-wp-init=\"callbacks.setButtonStyles\" data-wp-on--click=\"actions.showLightbox\" data-wp-on--load=\"callbacks.setButtonStyles\" data-wp-on-window--resize=\"callbacks.setButtonStyles\" data-id=\"4518\" src=\"https:\/\/lesphotosdelaetitia.com\/wp-content\/uploads\/2024\/08\/\u00a9LesPhotosDeLaetitia-GrossesseKelly-6-scaled.avif\" alt=\"\" class=\"wp-image-4518\" srcset=\"https:\/\/lesphotosdelaetitia.com\/wp-content\/uploads\/2024\/08\/\u00a9LesPhotosDeLaetitia-GrossesseKelly-6-scaled.avif 1707w, https:\/\/lesphotosdelaetitia.com\/wp-content\/uploads\/2024\/08\/\u00a9LesPhotosDeLaetitia-GrossesseKelly-6-200x300.avif 200w, https:\/\/lesphotosdelaetitia.com\/wp-content\/uploads\/2024\/08\/\u00a9LesPhotosDeLaetitia-GrossesseKelly-6-683x1024.avif 683w, https:\/\/lesphotosdelaetitia.com\/wp-content\/uploads\/2024\/08\/\u00a9LesPhotosDeLaetitia-GrossesseKelly-6-768x1152.avif 768w, https:\/\/lesphotosdelaetitia.com\/wp-content\/uploads\/2024\/08\/\u00a9LesPhotosDeLaetitia-GrossesseKelly-6-1024x1536.avif 1024w, https:\/\/lesphotosdelaetitia.com\/wp-content\/uploads\/2024\/08\/\u00a9LesPhotosDeLaetitia-GrossesseKelly-6-1365x2048.avif 1365w\" sizes=\"auto, (max-width: 1707px) 100vw, 1707px\" \/><button\n\t\t\tclass=\"lightbox-trigger\"\n\t\t\ttype=\"button\"\n\t\t\taria-haspopup=\"dialog\"\n\t\t\taria-label=\"Agrandir\"\n\t\t\tdata-wp-init=\"callbacks.initTriggerButton\"\n\t\t\tdata-wp-on--click=\"actions.showLightbox\"\n\t\t\tdata-wp-style--right=\"state.imageButtonRight\"\n\t\t\tdata-wp-style--top=\"state.imageButtonTop\"\n\t\t>\n\t\t\t<svg xmlns=\"http:\/\/www.w3.org\/2000\/svg\" width=\"12\" height=\"12\" fill=\"none\" viewBox=\"0 0 12 12\">\n\t\t\t\t<path fill=\"#fff\" d=\"M2 0a2 2 0 0 0-2 2v2h1.5V2a.5.5 0 0 1 .5-.5h2V0H2Zm2 10.5H2a.5.5 0 0 1-.5-.5V8H0v2a2 2 0 0 0 2 2h2v-1.5ZM8 12v-1.5h2a.5.5 0 0 0 .5-.5V8H12v2a2 2 0 0 1-2 2H8Zm2-12a2 2 0 0 1 2 2v2h-1.5V2a.5.5 0 0 0-.5-.5H8V0h2Z\" \/>\n\t\t\t<\/svg>\n\t\t<\/button><\/figure>\n\n\n\n<figure data-wp-context=\"{&quot;imageId&quot;:&quot;6a045c28a3c23&quot;}\" data-wp-interactive=\"core\/image\" data-wp-key=\"6a045c28a3c23\" class=\"wp-block-image size-full wp-lightbox-container\"><img loading=\"lazy\" decoding=\"async\" width=\"1707\" height=\"2560\" data-wp-class--hide=\"state.isContentHidden\" data-wp-class--show=\"state.isContentVisible\" data-wp-init=\"callbacks.setButtonStyles\" data-wp-on--click=\"actions.showLightbox\" data-wp-on--load=\"callbacks.setButtonStyles\" data-wp-on-window--resize=\"callbacks.setButtonStyles\" data-id=\"4517\" src=\"https:\/\/lesphotosdelaetitia.com\/wp-content\/uploads\/2024\/08\/\u00a9LesPhotosDeLaetitia-GrossesseKelly-7-scaled.avif\" alt=\"\" class=\"wp-image-4517\" srcset=\"https:\/\/lesphotosdelaetitia.com\/wp-content\/uploads\/2024\/08\/\u00a9LesPhotosDeLaetitia-GrossesseKelly-7-scaled.avif 1707w, https:\/\/lesphotosdelaetitia.com\/wp-content\/uploads\/2024\/08\/\u00a9LesPhotosDeLaetitia-GrossesseKelly-7-200x300.avif 200w, https:\/\/lesphotosdelaetitia.com\/wp-content\/uploads\/2024\/08\/\u00a9LesPhotosDeLaetitia-GrossesseKelly-7-683x1024.avif 683w, https:\/\/lesphotosdelaetitia.com\/wp-content\/uploads\/2024\/08\/\u00a9LesPhotosDeLaetitia-GrossesseKelly-7-768x1152.avif 768w, https:\/\/lesphotosdelaetitia.com\/wp-content\/uploads\/2024\/08\/\u00a9LesPhotosDeLaetitia-GrossesseKelly-7-1024x1536.avif 1024w, https:\/\/lesphotosdelaetitia.com\/wp-content\/uploads\/2024\/08\/\u00a9LesPhotosDeLaetitia-GrossesseKelly-7-1365x2048.avif 1365w\" sizes=\"auto, (max-width: 1707px) 100vw, 1707px\" \/><button\n\t\t\tclass=\"lightbox-trigger\"\n\t\t\ttype=\"button\"\n\t\t\taria-haspopup=\"dialog\"\n\t\t\taria-label=\"Agrandir\"\n\t\t\tdata-wp-init=\"callbacks.initTriggerButton\"\n\t\t\tdata-wp-on--click=\"actions.showLightbox\"\n\t\t\tdata-wp-style--right=\"state.imageButtonRight\"\n\t\t\tdata-wp-style--top=\"state.imageButtonTop\"\n\t\t>\n\t\t\t<svg xmlns=\"http:\/\/www.w3.org\/2000\/svg\" width=\"12\" height=\"12\" fill=\"none\" viewBox=\"0 0 12 12\">\n\t\t\t\t<path fill=\"#fff\" d=\"M2 0a2 2 0 0 0-2 2v2h1.5V2a.5.5 0 0 1 .5-.5h2V0H2Zm2 10.5H2a.5.5 0 0 1-.5-.5V8H0v2a2 2 0 0 0 2 2h2v-1.5ZM8 12v-1.5h2a.5.5 0 0 0 .5-.5V8H12v2a2 2 0 0 1-2 2H8Zm2-12a2 2 0 0 1 2 2v2h-1.5V2a.5.5 0 0 0-.5-.5H8V0h2Z\" \/>\n\t\t\t<\/svg>\n\t\t<\/button><\/figure>\n<\/figure>\n","protected":false},"excerpt":{"rendered":"<p>Kelly m&rsquo;a dit d\u00e8s sa prise de rendez-vous \u00ab\u00a0j&rsquo;aimerais un lieu avec de l&rsquo;eau et de la for\u00eat\u00a0\u00bb. C&rsquo;est donc dans un de mes lieux coup de coeur que je l&rsquo;ai amen\u00e9e avec son compagnon. Tr\u00e8s vite elle a su se mettre \u00e0 laisse et se laisser guider par mes conseils. Nous avons tous les &#8230; <a title=\"La s\u00e9ance grossesse de Kelly\" class=\"read-more\" href=\"https:\/\/lesphotosdelaetitia.com\/?page_id=4523\" aria-label=\"En savoir plus sur La s\u00e9ance grossesse de Kelly\">Lire la suite<\/a><\/p>\n","protected":false},"author":2,"featured_media":0,"parent":0,"menu_order":0,"comment_status":"closed","ping_status":"closed","template":"","meta":{"footnotes":""},"class_list":["post-4523","page","type-page","status-publish"],"_links":{"self":[{"href":"https:\/\/lesphotosdelaetitia.com\/index.php?rest_route=\/wp\/v2\/pages\/4523","targetHints":{"allow":["GET"]}}],"collection":[{"href":"https:\/\/lesphotosdelaetitia.com\/index.php?rest_route=\/wp\/v2\/pages"}],"about":[{"href":"https:\/\/lesphotosdelaetitia.com\/index.php?rest_route=\/wp\/v2\/types\/page"}],"author":[{"embeddable":true,"href":"https:\/\/lesphotosdelaetitia.com\/index.php?rest_route=\/wp\/v2\/users\/2"}],"replies":[{"embeddable":true,"href":"https:\/\/lesphotosdelaetitia.com\/index.php?rest_route=%2Fwp%2Fv2%2Fcomments&post=4523"}],"version-history":[{"count":28,"href":"https:\/\/lesphotosdelaetitia.com\/index.php?rest_route=\/wp\/v2\/pages\/4523\/revisions"}],"predecessor-version":[{"id":4669,"href":"https:\/\/lesphotosdelaetitia.com\/index.php?rest_route=\/wp\/v2\/pages\/4523\/revisions\/4669"}],"wp:attachment":[{"href":"https:\/\/lesphotosdelaetitia.com\/index.php?rest_route=%2Fwp%2Fv2%2Fmedia&parent=4523"}],"curies":[{"name":"wp","href":"https:\/\/api.w.org\/{rel}","templated":true}]}}